{"id":727,"date":"2019-07-15T02:25:08","date_gmt":"2019-07-15T02:25:08","guid":{"rendered":"http:\/\/houstonavpro.com\/dev\/?page_id=727"},"modified":"2019-07-15T02:25:08","modified_gmt":"2019-07-15T02:25:08","slug":"page-9","status":"publish","type":"page","link":"http:\/\/houstonavpro.com\/dev\/page-9\/","title":{"rendered":"Page 9"},"content":{"rendered":"<p><a title=\"Outdoor Speaker Store\" rel=\"noopener noreferrer\" target=\"_blank\" href=\"http:\/\/www.outdoorspeakerstore.com\">Outdoor Speaker Store<\/a><br \/>Outdoor Speakers at OutdoorSpeakers.net &#8211; Award winning outdoor speaker distributor specializing in Quality USA Design weatherproof outdoor speakers and in-ceiling in-wall speakers, outdoor speaker, rock speakers, outdoor rock speakers,  wireless rock speakers, wireless speakers, patio speakers, omni speakers, garden speakers, in wall speakers, marine speakers, speaker specialists, in ceilin speakers, in-wall speakers, in-ceiling speakers, ceiling speakers, outdoor speaker installation,&#8230;<\/p>\n<p><a title=\"Credit Card Attorney\" rel=\"noopener noreferrer\" target=\"_blank\" href=\"http:\/\/CreditCardLawsuitDefense.com\">Credit Card Attorney<\/a><br \/>Lawsuit Defense Lawyer Tom M. Thomas II: Texas credit card attorney for defense in debt lawsuit. Been served a lawsuit by a credit card company attorney? Debt and credit card lawsuits can be defended.<\/p>\n<p><a title=\"Cold Laser Therapy\" rel=\"noopener noreferrer\" target=\"_blank\" href=\"http:\/\/www.coldlasertherapy.com\">Cold Laser Therapy<\/a><br \/>Spinal decompression, Dallas cold laser therapy programs developed by Irving, TX Chiropractor for back pain and neck pain management in Dallas-Fort Worth. Alternative to physical therapy.<\/p>\n<p><a title=\"Book a South Korea tour package\" rel=\"noopener noreferrer\" target=\"_blank\" href=\"http:\/\/www.antiquealive.com\/korea_tour\/package.html\">Book a South Korea tour package<\/a><br \/>Korea tour packages including world heritage site tours, Seoul tour, DMZ Panmunjom tour and temple stay. Book a South Korea tour package.<\/p>\n<p><a title=\"What they have to say\" rel=\"noopener noreferrer\" target=\"_blank\" href=\"http:\/\/ionLeap.com\">What they have to say<\/a><br \/>Our blog writer teams always have a category expert with deep knowledge of your business sector. We combine that with an SEO expert for winning writer teams for your blog. Google might use robots<br \/>\nto crawl your website and it might get ranked higher, but if a customer prospect then clicks to your blog posting, it had better have real value or your bounce rate will skyrocket. Ion Leap crafts high-value content for long lasting brand building. Get your blog<br \/>\nready for the changes coming to SEO this year. Finally, content and blog writing will be king.<\/p>\n<p><a title=\"Esteemed Ken Sproul\" rel=\"noopener noreferrer\" target=\"_blank\" href=\"#\">Esteemed Ken Sproul<\/a><br \/>Professor and web business entrepreneur.<\/p>\n<p><a title=\"www.optimumhealthcare.org\" rel=\"noopener noreferrer\" target=\"_blank\" href=\"http:\/\/www.optimumhealthcare.org\">www.optimumhealthcare.org<\/a><br \/>Car Accident Dallas, helping people in Car Accidents in the greater Dallas TX area Specializing in Physical Medicine and Chiropractic Care in Dallas and treating back pain, lower back pain, joint pain, and spinal cord injuries<\/p>\n<p><a title=\"Check them out\" rel=\"noopener noreferrer\" target=\"_blank\" href=\"http:\/\/www.healthretreat.ca\">Check them out<\/a><br \/>Health Restoration Retreat<\/p>\n<p>Your healing journey starts here. Experience complete whole body detox and rejuvenation in a nice supportive healing environment that is supervised by professionals and our Naturopathic Doctor on board.<\/p>\n<p><a title=\"Lone Star Over Head Doors\" rel=\"noopener noreferrer\" target=\"_blank\" href=\"http:\/\/www.lonestaroverheaddoors.com\">Lone Star Over Head Doors<\/a><br \/>Lonestar Overhead Doors provides high quality Dallas garage door repair &#038; Dallas gate repair services including commercial overhead doors, broken spring repair, custom carriage house wood garage doors, and garage door opener and gate opener installation &#038; repair.  We provide service to Dallas, Allen, Coppell, Frisco, Highland Park, Lucas, McKinney, Murphy, Plano, Southlake, Wylie, and all of the greater Dallas Fort Worth areas.<\/p>\n<p><a title=\"m\u00e9decine esth\u00e9tique \u00e0 Toulouse\" rel=\"noopener noreferrer\" target=\"_blank\" href=\"http:\/\/www.esthetique-cabarrot-toulouse.com\">m\u00e9decine esth\u00e9tique \u00e0 Toulouse<\/a><br \/>Esth\u00e9tique \u00e0 Toulouse. Soins esth\u00e9tiques dermatologiques \u00e0 Toulouse, traitement esth\u00e9tique botox \u00e0 Toulouse, soins m\u00e9dicaux esth\u00e9tiques au laser \u00e0 Toulouse, traitement m\u00e9soth\u00e9rapie \u00e0 Toulouse, peeling esth\u00e9tique \u00e0 Toulouse.<\/p>\n<p><a title=\"News about Canada\" rel=\"noopener noreferrer\" target=\"_blank\" href=\"http:\/\/www.cbc.ca\/news\/\">News about Canada<\/a><br \/>The latest news from across Canada and around the world.<\/p>\n","protected":false},"excerpt":{"rendered":"<p>Outdoor Speaker StoreOutdoor Speakers at OutdoorSpeakers.net &#8211; Award winning outdoor speaker distributor specializing in Quality USA Design weatherproof outdoor speakers and in-ceiling in-wall speakers, outdoor speaker, rock speakers, outdoor rock speakers, wireless rock speakers, wireless speakers, patio speakers, omni speakers, garden speakers, in wall speakers, marine speakers, speaker specialists, in ceilin speakers, in-wall speakers, in-ceiling [&hellip;]<\/p>\n","protected":false},"author":1,"featured_media":0,"parent":0,"menu_order":0,"comment_status":"closed","ping_status":"closed","template":"","meta":{"_et_pb_use_builder":"","_et_pb_old_content":"","footnotes":""},"class_list":["post-727","page","type-page","status-publish","hentry"],"_links":{"self":[{"href":"http:\/\/houstonavpro.com\/dev\/wp-json\/wp\/v2\/pages\/727","targetHints":{"allow":["GET"]}}],"collection":[{"href":"http:\/\/houstonavpro.com\/dev\/wp-json\/wp\/v2\/pages"}],"about":[{"href":"http:\/\/houstonavpro.com\/dev\/wp-json\/wp\/v2\/types\/page"}],"author":[{"embeddable":true,"href":"http:\/\/houstonavpro.com\/dev\/wp-json\/wp\/v2\/users\/1"}],"replies":[{"embeddable":true,"href":"http:\/\/houstonavpro.com\/dev\/wp-json\/wp\/v2\/comments?post=727"}],"version-history":[{"count":1,"href":"http:\/\/houstonavpro.com\/dev\/wp-json\/wp\/v2\/pages\/727\/revisions"}],"predecessor-version":[{"id":728,"href":"http:\/\/houstonavpro.com\/dev\/wp-json\/wp\/v2\/pages\/727\/revisions\/728"}],"wp:attachment":[{"href":"http:\/\/houstonavpro.com\/dev\/wp-json\/wp\/v2\/media?parent=727"}],"curies":[{"name":"wp","href":"https:\/\/api.w.org\/{rel}","templated":true}]}}