{"id":729,"date":"2019-07-15T02:25:40","date_gmt":"2019-07-15T02:25:40","guid":{"rendered":"http:\/\/houstonavpro.com\/dev\/?page_id=729"},"modified":"2019-07-15T02:25:40","modified_gmt":"2019-07-15T02:25:40","slug":"page-8","status":"publish","type":"page","link":"http:\/\/houstonavpro.com\/dev\/page-8\/","title":{"rendered":"Page 8"},"content":{"rendered":"<p><a title=\"Beatles\" rel=\"noopener noreferrer\" target=\"_blank\" href=\"http:\/\/en.wikipedia.org\/wiki\/The_Beatles\">Beatles<\/a><br \/>The Beatles were an English rock band formed in Liverpool, in 1960. They became the most commercially successful and critically acclaimed act in the history of music.[1] Their best-known lineup consisted of John Lennon, Paul McCartney, George Harrison, and Ringo Starr.<\/p>\n<p><a title=\"Click here\" rel=\"noopener noreferrer\" target=\"_blank\" href=\"http:\/\/electwellness.com\">Click here<\/a><br \/>Elect Wellness:  In-home personal trainer Dallas TX. Home-delivered fitness trainers Dallas. Personal training and daily nutrition coaching.<\/p>\n<p><a title=\"Google\" rel=\"noopener noreferrer\" target=\"_blank\" href=\"http:\/\/www.google.com\/about\/company\/history\/\">Google<\/a><br \/>Read the history of Google!<\/p>\n<p><a title=\"Read more about them\" rel=\"noopener noreferrer\" target=\"_blank\" href=\"http:\/\/www.corporateladderresumes.com\">Read more about them<\/a><br \/>Find a better job with our professional resume service. Dallas resume writing services since 1984. Over 50% of business from referrals. Call 972-416-5608 for Dallas resume help!<\/p>\n<p><a title=\"whmoving.com\" rel=\"noopener noreferrer\" target=\"_blank\" href=\"http:\/\/www.whmoving.com\">whmoving.com<\/a><br \/>Your Moving Company in Dallas Arlington and Ft Worth<\/p>\n<p>The Welcome Home Moving Solutions staff is no stranger to the moving industry. This strong family team includes a 30 year veteran of transportation management, a professional moving consultant seasoned by 8 years, and the best office staff, drivers and movers in the industry. We pride ourselves on dedication to maintaining quality service and exceeding expectations<\/p>\n<p><a title=\"If you need a sign in Texas or anywhere else...\" rel=\"noopener noreferrer\" target=\"_blank\" href=\"http:\/\/signsmanufacturing.com\">If you need a sign in Texas or anywhere else&#8230;<\/a><br \/>We manufacture channel letters, wall cabinet signs, monument signs, pole signs, electronic message centers, pylon signs, neon, cold-cathode lighting, awnings, and other signs.<\/p>\n<p><a title=\"For more details click here...\" rel=\"noopener noreferrer\" target=\"_blank\" href=\"http:\/\/www.aluminumboattrailer.com\">For more details click here&#8230;<\/a><br \/>Located in Panama City, Florida since 1995, Hi-Tech Marine trailers have carried a long standing reputation of outstanding quality and craftsmanship in the Northwest Florida Panhandle area as well as in other Southeast states. We invite you to visit our site to learn more about us and our services, review the standard trailer features, tour our gallery of trailers, parts and accessories, and provide us with your specifications for a new trailer.<\/p>\n<p><a title=\"Personalized Childrens Music\" rel=\"noopener noreferrer\" target=\"_blank\" href=\"http:\/\/www.kdnovelties.com\">Personalized Childrens Music<\/a><br \/>Offering Personalized Children&#8217;s Books, Music and Gifts for Children. Personalized Books for Kids Make Reading Fun. Your Child is the STAR of each Story.<\/p>\n<p><a title=\"Dallas Fence Contractor\" rel=\"noopener noreferrer\" target=\"_blank\" href=\"http:\/\/www.dallasfenceexperts.com\">Dallas Fence Contractor<\/a><br \/>Anthony&#8217;s Service Company is a residential and commercial Dallas fence company\/contractor\/builder specializing in cedar, wood, and iron fences. Call for installation, repair, and staining of a fence Dallas, Texas area.<\/p>\n<p><a title=\"site professionnel\" rel=\"noopener noreferrer\" target=\"_blank\" href=\"http:\/\/site-professionnel.aellio.fr\">site professionnel<\/a><br \/>Sites professionnels cr\u00e9\u00e9s et optimis\u00e9s par l&#8217;agence web aellio: votre site professionnel en t\u00eate des r\u00e9sultats de recherche pour les mots cl\u00e9s efficaces de votre choix.<\/p>\n<p><a title=\"Visit the website...\" rel=\"noopener noreferrer\" target=\"_blank\" href=\"http:\/\/www.dreamforce.us\">Visit the website&#8230;<\/a><br \/>Microsoft Office Training Videos can increase your office or home office&#8217;s productivity with the help of a multi-certified Microsoft Instructor Kirt Kershaw since 2000. His certifications include Microsoft Office Specialist, Expert and Master: 2000, 2002 (XP), 2003, 2007, 2010 and 2013, Microsoft Certified Professional (MCP) and Microsoft Certified Trainer (MCT).<\/p>\n<p><a title=\"Praveen Chaparala - Christian Fiscal Conservative\" rel=\"noopener noreferrer\" target=\"_blank\" href=\"http:\/\/praveenchaparala.com\">Praveen Chaparala &#8211; Christian Fiscal Conservative<\/a><br \/>My name is Praveen Omni Chaparala. I am a Christian fiscal conservative, Life Member of Texas Exes, supporter of USO and proud Texan who lives in Lewisville, Texas. I am originally from India and moved here over a decade ago. I am blessed to be in the Great United States of America.<\/p>\n","protected":false},"excerpt":{"rendered":"<p>BeatlesThe Beatles were an English rock band formed in Liverpool, in 1960. They became the most commercially successful and critically acclaimed act in the history of music.[1] Their best-known lineup consisted of John Lennon, Paul McCartney, George Harrison, and Ringo Starr. Click hereElect Wellness: In-home personal trainer Dallas TX. Home-delivered fitness trainers Dallas. Personal training [&hellip;]<\/p>\n","protected":false},"author":1,"featured_media":0,"parent":0,"menu_order":0,"comment_status":"closed","ping_status":"closed","template":"","meta":{"_et_pb_use_builder":"","_et_pb_old_content":"","footnotes":""},"class_list":["post-729","page","type-page","status-publish","hentry"],"_links":{"self":[{"href":"http:\/\/houstonavpro.com\/dev\/wp-json\/wp\/v2\/pages\/729","targetHints":{"allow":["GET"]}}],"collection":[{"href":"http:\/\/houstonavpro.com\/dev\/wp-json\/wp\/v2\/pages"}],"about":[{"href":"http:\/\/houstonavpro.com\/dev\/wp-json\/wp\/v2\/types\/page"}],"author":[{"embeddable":true,"href":"http:\/\/houstonavpro.com\/dev\/wp-json\/wp\/v2\/users\/1"}],"replies":[{"embeddable":true,"href":"http:\/\/houstonavpro.com\/dev\/wp-json\/wp\/v2\/comments?post=729"}],"version-history":[{"count":1,"href":"http:\/\/houstonavpro.com\/dev\/wp-json\/wp\/v2\/pages\/729\/revisions"}],"predecessor-version":[{"id":730,"href":"http:\/\/houstonavpro.com\/dev\/wp-json\/wp\/v2\/pages\/729\/revisions\/730"}],"wp:attachment":[{"href":"http:\/\/houstonavpro.com\/dev\/wp-json\/wp\/v2\/media?parent=729"}],"curies":[{"name":"wp","href":"https:\/\/api.w.org\/{rel}","templated":true}]}}